{"id":13735,"date":"2021-12-13T10:53:32","date_gmt":"2021-12-13T09:53:32","guid":{"rendered":"https:\/\/guss-ex.com\/unternehmen\/"},"modified":"2023-01-17T11:02:26","modified_gmt":"2023-01-17T10:02:26","slug":"unternehmen","status":"publish","type":"page","link":"https:\/\/guss-ex.com\/de\/unternehmen\/","title":{"rendered":"Unternehmen"},"content":{"rendered":"<p><div class=\"fusion-fullwidth fullwidth-box fusion-builder-row-1 fusion-flex-container fusion-parallax-none nonhundred-percent-fullwidth non-hundred-percent-height-scrolling lazyload\" style=\"--awb-background-position:center bottom;--awb-border-sizes-top:0;--awb-border-sizes-bottom:0;--awb-border-radius-top-left:0px;--awb-border-radius-top-right:0px;--awb-border-radius-bottom-right:0px;--awb-border-radius-bottom-left:0px;--awb-padding-top:100px;--awb-padding-bottom:25px;--awb-margin-top:0px;--awb-margin-bottom:0px;--awb-background-size:cover;--awb-flex-wrap:wrap;\" data-bg=\"https:\/\/guss-ex.com\/wp-content\/uploads\/2021\/12\/guss-ex-neglowek2.jpg\" ><div class=\"fusion-builder-row fusion-row fusion-flex-align-items-flex-start fusion-flex-content-wrap\" style=\"max-width:1310.4px;margin-left: calc(-4% \/ 2 );margin-right: calc(-4% \/ 2 );\"><div class=\"fusion-layout-column fusion_builder_column fusion-builder-column-0 fusion_builder_column_1_1 1_1 fusion-flex-column\" style=\"--awb-padding-top:0px;--awb-padding-bottom:0px;--awb-bg-size:cover;--awb-width-large:100%;--awb-margin-top-large:0px;--awb-spacing-right-large:1.92%;--awb-margin-bottom-large:0px;--awb-spacing-left-large:1.92%;--awb-width-medium:100%;--awb-order-medium:0;--awb-spacing-right-medium:1.92%;--awb-spacing-left-medium:1.92%;--awb-width-small:100%;--awb-order-small:0;--awb-spacing-right-small:1.92%;--awb-spacing-left-small:1.92%;\"><div class=\"fusion-column-wrapper fusion-column-has-shadow fusion-flex-justify-content-flex-end fusion-content-layout-column\"><div class=\"fusion-title title fusion-title-1 fusion-sep-none fusion-title-text fusion-title-size-three fusion-animated\" style=\"--awb-text-color:#ffffff;--awb-font-size:2em;\" data-animationType=\"fadeInLeft\" data-animationDuration=\"0.5\" data-animationOffset=\"top-into-view\"><h3 class=\"fusion-title-heading title-heading-left fusion-responsive-typography-calculated\" style=\"margin:0;font-size:1em;--fontSize:32;line-height:1.2;\">Unternehmen<\/h3><\/div><\/div><\/div><\/div><\/div><div class=\"fusion-fullwidth fullwidth-box fusion-builder-row-2 fusion-flex-container nonhundred-percent-fullwidth non-hundred-percent-height-scrolling\" style=\"--awb-border-radius-top-left:0px;--awb-border-radius-top-right:0px;--awb-border-radius-bottom-right:0px;--awb-border-radius-bottom-left:0px;--awb-padding-top:3%;--awb-padding-bottom:3%;--awb-flex-wrap:wrap;\" ><div class=\"fusion-builder-row fusion-row fusion-flex-align-items-flex-start fusion-flex-content-wrap\" style=\"max-width:1310.4px;margin-left: calc(-4% \/ 2 );margin-right: calc(-4% \/ 2 );\"><div class=\"fusion-layout-column fusion_builder_column fusion-builder-column-1 fusion_builder_column_2_3 2_3 fusion-flex-column\" style=\"--awb-bg-size:cover;--awb-width-large:66.666666666667%;--awb-margin-top-large:0px;--awb-spacing-right-large:2.88%;--awb-margin-bottom-large:0px;--awb-spacing-left-large:2.88%;--awb-width-medium:100%;--awb-spacing-right-medium:1.92%;--awb-spacing-left-medium:1.92%;--awb-width-small:100%;--awb-spacing-right-small:1.92%;--awb-spacing-left-small:1.92%;\"><div class=\"fusion-column-wrapper fusion-flex-justify-content-flex-start fusion-content-layout-column\"><div class=\"fusion-title title fusion-title-2 fusion-sep-none fusion-title-text fusion-title-size-two\" style=\"--awb-font-size:2rem;\"><h2 class=\"fusion-title-heading title-heading-left fusion-responsive-typography-calculated\" style=\"margin:0;font-size:1em;--fontSize:32;line-height:1.1;\">GUSS-EX<\/h2><\/div><div class=\"fusion-text fusion-text-1\" style=\"--awb-text-transform:none;\"><p>Die Firma GUSS-EX gegr\u00fcndet in 1989 ist ein Ingenieurb\u00fcro, das in der Gie\u00dferei und industriellen Produktion von Metallen t\u00e4tig ist. Wir liefern f\u00fcr den polnischen und europ\u00e4ischen Markt die Gussteile und andere Metallprodukte aus Grauguss, Sph\u00e4roguss und anderen Legierungen inkl. mechanischer Bearbeitung.<\/p>\n<p>Dar\u00fcber hinaus machen wir Vertretung auf dem polnischen Markt f\u00fcr die wichtigste Werkzeug- und Maschinenhersteller f\u00fcr die Gissereibranche.<\/p>\n<p>In den letzten Jahren haben wir auch bedeutend auf den Osteuropa-M\u00e4rkten aufgewachsen. Unsere Vertretungen sind schon bei verschiedenen L\u00e4nder der Osteuropa ge\u00f6ffnet.<\/p>\n<p>Dank unserer langj\u00e4hrigen Erfahrung bieten wir unseren Kunden Dienstleistungen h\u00f6chster Qualit\u00e4t im Bereich der Lieferung von Metallprodukten &#8211; von der Koordination der Lieferungen von Guss- und Schmiedeteilen \u00fcber deren Bearbeitung, Oberfl\u00e4chenschutz und Endkontrolle.<br \/>\nUnser starker Vorteil ist auch die Erfahrung im Aufbau von Lieferketten und Logistik, die die Einhaltung des geplanten Fertigstellungstermins garantiert.<\/p>\n<p>Andererseits unterst\u00fctzen wir als Lieferant von Maschinen und Anlagen f\u00fcr die Gie\u00dfereiindustrie unsere Partner sowohl bei der Herstellung ihrer Produkte als auch bei der Planung und Umsetzung ihrer Investitionsvorhaben.<\/p>\n<\/div><\/div><\/div><div class=\"fusion-layout-column fusion_builder_column fusion-builder-column-2 fusion_builder_column_1_3 1_3 fusion-flex-column\" style=\"--awb-bg-size:cover;--awb-width-large:33.333333333333%;--awb-margin-top-large:0px;--awb-spacing-right-large:5.76%;--awb-margin-bottom-large:0px;--awb-spacing-left-large:5.76%;--awb-width-medium:100%;--awb-spacing-right-medium:1.92%;--awb-spacing-left-medium:1.92%;--awb-width-small:100%;--awb-spacing-right-small:1.92%;--awb-spacing-left-small:1.92%;\"><div class=\"fusion-column-wrapper fusion-flex-justify-content-flex-start fusion-content-layout-column\"><div class=\"fusion-image-element \" style=\"--awb-caption-title-font-family:var(--h2_typography-font-family);--awb-caption-title-font-weight:var(--h2_typography-font-weight);--awb-caption-title-font-style:var(--h2_typography-font-style);--awb-caption-title-size:var(--h2_typography-font-size);--awb-caption-title-transform:var(--h2_typography-text-transform);--awb-caption-title-line-height:var(--h2_typography-line-height);--awb-caption-title-letter-spacing:var(--h2_typography-letter-spacing);\"><span class=\" fusion-imageframe imageframe-none imageframe-1 hover-type-none\" style=\"border-radius:5px;\"><a href=\"https:\/\/guss-ex.com\/wp-content\/uploads\/2023\/01\/Certyfikat-ISO-9001-2023-DE-206x300.jpg\" class=\"fusion-lightbox\" data-rel=\"iLightbox[efeb54d0c431776f4c8]\" data-caption=\"#image_title\" data-title=\"01 100 1331985\" title=\"01 100 1331985\"><img decoding=\"async\" width=\"206\" height=\"300\" src=\"https:\/\/guss-ex.com\/wp-content\/uploads\/2023\/01\/Certyfikat-ISO-9001-2023-DE.jpg\" data-orig-src=\"https:\/\/guss-ex.com\/wp-content\/uploads\/2023\/01\/Certyfikat-ISO-9001-2023-DE-206x300.jpg\" alt class=\"lazyload img-responsive wp-image-15248\" srcset=\"data:image\/svg+xml,%3Csvg%20xmlns%3D%27http%3A%2F%2Fwww.w3.org%2F2000%2Fsvg%27%20width%3D%27617%27%20height%3D%27900%27%20viewBox%3D%270%200%20617%20900%27%3E%3Crect%20width%3D%27617%27%20height%3D%27900%27%20fill-opacity%3D%220%22%2F%3E%3C%2Fsvg%3E\" data-srcset=\"https:\/\/guss-ex.com\/wp-content\/uploads\/2023\/01\/Certyfikat-ISO-9001-2023-DE-200x292.jpg 200w, https:\/\/guss-ex.com\/wp-content\/uploads\/2023\/01\/Certyfikat-ISO-9001-2023-DE-400x583.jpg 400w, https:\/\/guss-ex.com\/wp-content\/uploads\/2023\/01\/Certyfikat-ISO-9001-2023-DE-600x875.jpg 600w, https:\/\/guss-ex.com\/wp-content\/uploads\/2023\/01\/Certyfikat-ISO-9001-2023-DE.jpg 617w\" data-sizes=\"auto\" data-orig-sizes=\"(max-width: 1024px) 100vw, (max-width: 640px) 100vw, 400px\" \/><\/a><\/span><\/div><\/div><\/div><\/div><\/div><\/p>\n","protected":false},"excerpt":{"rendered":"","protected":false},"author":1,"featured_media":0,"parent":0,"menu_order":0,"comment_status":"closed","ping_status":"closed","template":"100-width.php","meta":{"footnotes":""},"class_list":["post-13735","page","type-page","status-publish","hentry"],"aioseo_notices":[],"_links":{"self":[{"href":"https:\/\/guss-ex.com\/de\/wp-json\/wp\/v2\/pages\/13735","targetHints":{"allow":["GET"]}}],"collection":[{"href":"https:\/\/guss-ex.com\/de\/wp-json\/wp\/v2\/pages"}],"about":[{"href":"https:\/\/guss-ex.com\/de\/wp-json\/wp\/v2\/types\/page"}],"author":[{"embeddable":true,"href":"https:\/\/guss-ex.com\/de\/wp-json\/wp\/v2\/users\/1"}],"replies":[{"embeddable":true,"href":"https:\/\/guss-ex.com\/de\/wp-json\/wp\/v2\/comments?post=13735"}],"version-history":[{"count":12,"href":"https:\/\/guss-ex.com\/de\/wp-json\/wp\/v2\/pages\/13735\/revisions"}],"predecessor-version":[{"id":15285,"href":"https:\/\/guss-ex.com\/de\/wp-json\/wp\/v2\/pages\/13735\/revisions\/15285"}],"wp:attachment":[{"href":"https:\/\/guss-ex.com\/de\/wp-json\/wp\/v2\/media?parent=13735"}],"curies":[{"name":"wp","href":"https:\/\/api.w.org\/{rel}","templated":true}]}}