{"id":13760,"date":"2021-12-08T16:59:30","date_gmt":"2021-12-08T15:59:30","guid":{"rendered":"https:\/\/guss-ex.com\/guss-ex-2\/"},"modified":"2023-01-10T10:51:32","modified_gmt":"2023-01-10T09:51:32","slug":"guss-ex-2","status":"publish","type":"page","link":"https:\/\/guss-ex.com\/de\/","title":{"rendered":"guss-ex"},"content":{"rendered":"<p><div class=\"fusion-fullwidth fullwidth-box fusion-builder-row-1 fusion-flex-container hundred-percent-fullwidth hundred-percent-height hundred-percent-height-center-content non-hundred-percent-height-scrolling\" style=\"--awb-border-radius-top-left:0px;--awb-border-radius-top-right:0px;--awb-border-radius-bottom-right:0px;--awb-border-radius-bottom-left:0px;--awb-padding-right:0px;--awb-padding-left:0px;--awb-margin-top:0px;--awb-margin-bottom:0px;--awb-background-color:#252d53;--awb-flex-wrap:wrap;\" ><div class=\"fusion-builder-row fusion-row fusion-flex-align-items-stretch fusion-flex-justify-content-center fusion-flex-content-wrap\" style=\"width:calc( 100% + 0px ) !important;max-width:calc( 100% + 0px ) !important;margin-left: calc(-0px \/ 2 );margin-right: calc(-0px \/ 2 );\"><div class=\"fusion-layout-column fusion_builder_column fusion-builder-column-0 fusion_builder_column_1_2 1_2 fusion-flex-column fusion-animated\" style=\"--awb-padding-top:250px;--awb-padding-right:100px;--awb-padding-bottom:200px;--awb-padding-left:50px;--awb-bg-image:linear-gradient(220deg, rgba(255,255,255,0) 50%,rgba(37,45,83,0.9) 100%);;--awb-bg-position:center center;--awb-bg-size:cover;--awb-width-large:50%;--awb-margin-top-large:0px;--awb-spacing-right-large:0px;--awb-margin-bottom-large:0px;--awb-spacing-left-large:0px;--awb-width-medium:100%;--awb-order-medium:0;--awb-spacing-right-medium:0px;--awb-spacing-left-medium:0px;--awb-width-small:100%;--awb-order-small:0;--awb-spacing-right-small:0px;--awb-spacing-left-small:0px;\" data-animationType=\"slideInLeft\" data-animationDuration=\"0.5\" data-animationOffset=\"top-into-view\"><div class=\"fusion-column-wrapper lazyload fusion-column-has-shadow fusion-flex-justify-content-flex-end fusion-content-layout-column fusion-column-has-bg-image\" data-bg-url=\"https:\/\/guss-ex.com\/wp-content\/uploads\/2022\/04\/home-odlewy2.jpg\" data-bg=\"https:\/\/guss-ex.com\/wp-content\/uploads\/2022\/04\/home-odlewy2.jpg\" data-bg-gradient=\"linear-gradient(220deg, rgba(255,255,255,0) 50%,rgba(37,45,83,0.9) 100%)\"><div class=\"fusion-title title fusion-title-1 fusion-sep-none fusion-title-text fusion-title-size-two\" style=\"--awb-text-color:#ffffff;--awb-font-size:4.5rem;\"><h2 class=\"fusion-title-heading title-heading-left fusion-responsive-typography-calculated\" style=\"font-family:&quot;Bitter&quot;;font-style:normal;font-weight:500;margin:0;font-size:1em;--fontSize:72;line-height:1.1;\">Die GUSSTEILE<\/h2><\/div><div ><a class=\"fusion-button button-flat fusion-button-default-size button-default fusion-button-default button-1 fusion-button-default-span fusion-button-default-type\" target=\"_self\" href=\"https:\/\/guss-ex.com\/die-gussteile-und-schmiedete\/?lang=de\"><span class=\"fusion-button-text awb-button__text awb-button__text--default\">Angebot<\/span><\/a><\/div><\/div><\/div><div class=\"fusion-layout-column fusion_builder_column fusion-builder-column-1 fusion_builder_column_1_2 1_2 fusion-flex-column fusion-animated\" style=\"--awb-padding-top:250px;--awb-padding-right:100px;--awb-padding-bottom:200px;--awb-padding-left:50px;--awb-bg-image:linear-gradient(140deg, rgba(255,255,255,0) 50%,rgba(37,45,83,0.9) 100%);;--awb-bg-position:center center;--awb-bg-size:cover;--awb-width-large:50%;--awb-margin-top-large:0px;--awb-spacing-right-large:0px;--awb-margin-bottom-large:0px;--awb-spacing-left-large:0px;--awb-width-medium:100%;--awb-order-medium:0;--awb-spacing-right-medium:0px;--awb-spacing-left-medium:0px;--awb-width-small:100%;--awb-order-small:0;--awb-spacing-right-small:0px;--awb-spacing-left-small:0px;\" data-animationType=\"slideInRight\" data-animationDuration=\"0.5\" data-animationOffset=\"top-into-view\"><div class=\"fusion-column-wrapper lazyload fusion-column-has-shadow fusion-flex-justify-content-flex-end fusion-content-layout-column fusion-column-has-bg-image\" data-bg-url=\"https:\/\/guss-ex.com\/wp-content\/uploads\/2021\/12\/home-maszyny-910x1024.jpg\" data-bg=\"https:\/\/guss-ex.com\/wp-content\/uploads\/2021\/12\/home-maszyny-910x1024.jpg\" data-bg-gradient=\"linear-gradient(140deg, rgba(255,255,255,0) 50%,rgba(37,45,83,0.9) 100%)\"><div class=\"fusion-title title fusion-title-2 fusion-sep-none fusion-title-text fusion-title-size-two\" style=\"--awb-text-color:#ffffff;--awb-font-size:4.5rem;\"><h2 class=\"fusion-title-heading title-heading-left fusion-responsive-typography-calculated\" style=\"font-family:&quot;Bitter&quot;;font-style:normal;font-weight:500;margin:0;font-size:1em;--fontSize:72;line-height:1.1;\">Gie\u00dfereimaschinen<\/h2><\/div><div ><a class=\"fusion-button button-flat fusion-button-default-size button-default fusion-button-default button-2 fusion-button-default-span fusion-button-default-type\" target=\"_self\" href=\"https:\/\/guss-ex.com\/giesereimaschinen\/?lang=de\"><span class=\"fusion-button-text awb-button__text awb-button__text--default\">Angebot<\/span><\/a><\/div><\/div><\/div><\/div><\/div><div class=\"fusion-fullwidth fullwidth-box fusion-builder-row-2 fusion-flex-container nonhundred-percent-fullwidth non-hundred-percent-height-scrolling\" style=\"--awb-border-radius-top-left:0px;--awb-border-radius-top-right:0px;--awb-border-radius-bottom-right:0px;--awb-border-radius-bottom-left:0px;--awb-padding-top:3%;--awb-padding-bottom:3%;--awb-flex-wrap:wrap;\" ><div class=\"fusion-builder-row fusion-row fusion-flex-align-items-flex-start fusion-flex-content-wrap\" style=\"max-width:1310.4px;margin-left: calc(-4% \/ 2 );margin-right: calc(-4% \/ 2 );\"><div class=\"fusion-layout-column fusion_builder_column fusion-builder-column-2 fusion_builder_column_1_1 1_1 fusion-flex-column fusion-no-small-visibility\" style=\"--awb-padding-top:0px;--awb-padding-right:0px;--awb-padding-bottom:0px;--awb-padding-left:0px;--awb-bg-size:cover;--awb-width-large:100%;--awb-margin-top-large:-100px;--awb-spacing-right-large:1.92%;--awb-margin-bottom-large:0px;--awb-spacing-left-large:1.92%;--awb-width-medium:100%;--awb-order-medium:0;--awb-spacing-right-medium:1.92%;--awb-spacing-left-medium:1.92%;--awb-width-small:100%;--awb-order-small:0;--awb-spacing-right-small:1.92%;--awb-spacing-left-small:1.92%;\"><div class=\"fusion-column-wrapper fusion-column-has-shadow fusion-flex-justify-content-flex-start fusion-content-layout-column\"><div class=\"fusion-image-element \" style=\"text-align:center;--awb-margin-top:0px;--awb-margin-right:0px;--awb-margin-bottom:0px;--awb-margin-left:0px;--awb-caption-title-font-family:var(--h2_typography-font-family);--awb-caption-title-font-weight:var(--h2_typography-font-weight);--awb-caption-title-font-style:var(--h2_typography-font-style);--awb-caption-title-size:var(--h2_typography-font-size);--awb-caption-title-transform:var(--h2_typography-text-transform);--awb-caption-title-line-height:var(--h2_typography-line-height);--awb-caption-title-letter-spacing:var(--h2_typography-letter-spacing);\"><span class=\" fusion-imageframe imageframe-none imageframe-1 hover-type-none\" style=\"border-radius:5px;\"><img decoding=\"async\" width=\"900\" height=\"57\" title=\"cos\" src=\"https:\/\/guss-ex.com\/wp-content\/uploads\/2021\/12\/cos.png\" data-orig-src=\"https:\/\/guss-ex.com\/wp-content\/uploads\/2021\/12\/cos.png\" alt class=\"lazyload img-responsive wp-image-13697\" srcset=\"data:image\/svg+xml,%3Csvg%20xmlns%3D%27http%3A%2F%2Fwww.w3.org%2F2000%2Fsvg%27%20width%3D%27900%27%20height%3D%2757%27%20viewBox%3D%270%200%20900%2057%27%3E%3Crect%20width%3D%27900%27%20height%3D%2757%27%20fill-opacity%3D%220%22%2F%3E%3C%2Fsvg%3E\" data-srcset=\"https:\/\/guss-ex.com\/wp-content\/uploads\/2021\/12\/cos-200x13.png 200w, https:\/\/guss-ex.com\/wp-content\/uploads\/2021\/12\/cos-400x25.png 400w, https:\/\/guss-ex.com\/wp-content\/uploads\/2021\/12\/cos-600x38.png 600w, https:\/\/guss-ex.com\/wp-content\/uploads\/2021\/12\/cos-800x51.png 800w, https:\/\/guss-ex.com\/wp-content\/uploads\/2021\/12\/cos.png 900w\" data-sizes=\"auto\" data-orig-sizes=\"(max-width: 1024px) 100vw, (max-width: 640px) 100vw, 900px\" \/><\/span><\/div><\/div><\/div><\/div><\/div><div class=\"fusion-fullwidth fullwidth-box fusion-builder-row-3 fusion-flex-container nonhundred-percent-fullwidth non-hundred-percent-height-scrolling\" style=\"--awb-border-radius-top-left:0px;--awb-border-radius-top-right:0px;--awb-border-radius-bottom-right:0px;--awb-border-radius-bottom-left:0px;--awb-padding-top:0px;--awb-padding-bottom:0px;--awb-flex-wrap:wrap;\" ><div class=\"fusion-builder-row fusion-row fusion-flex-align-items-flex-start fusion-flex-content-wrap\" style=\"max-width:1310.4px;margin-left: calc(-4% \/ 2 );margin-right: calc(-4% \/ 2 );\"><div class=\"fusion-layout-column fusion_builder_column fusion-builder-column-3 fusion_builder_column_1_1 1_1 fusion-flex-column fusion-no-medium-visibility fusion-no-large-visibility\" style=\"--awb-padding-top:0px;--awb-padding-right:0px;--awb-padding-bottom:0px;--awb-padding-left:0px;--awb-bg-size:cover;--awb-width-large:100%;--awb-margin-top-large:-50px;--awb-spacing-right-large:1.92%;--awb-margin-bottom-large:0px;--awb-spacing-left-large:1.92%;--awb-width-medium:100%;--awb-order-medium:0;--awb-spacing-right-medium:1.92%;--awb-spacing-left-medium:1.92%;--awb-width-small:100%;--awb-order-small:0;--awb-spacing-right-small:1.92%;--awb-spacing-left-small:1.92%;\"><div class=\"fusion-column-wrapper fusion-column-has-shadow fusion-flex-justify-content-flex-start fusion-content-layout-column\"><div class=\"fusion-image-element \" style=\"text-align:center;--awb-margin-top:0px;--awb-margin-right:0px;--awb-margin-bottom:0px;--awb-margin-left:0px;--awb-caption-title-font-family:var(--h2_typography-font-family);--awb-caption-title-font-weight:var(--h2_typography-font-weight);--awb-caption-title-font-style:var(--h2_typography-font-style);--awb-caption-title-size:var(--h2_typography-font-size);--awb-caption-title-transform:var(--h2_typography-text-transform);--awb-caption-title-line-height:var(--h2_typography-line-height);--awb-caption-title-letter-spacing:var(--h2_typography-letter-spacing);\"><span class=\" fusion-imageframe imageframe-none imageframe-2 hover-type-none\" style=\"border-radius:5px;\"><img decoding=\"async\" width=\"900\" height=\"57\" title=\"cos\" src=\"https:\/\/guss-ex.com\/wp-content\/uploads\/2021\/12\/cos.png\" data-orig-src=\"https:\/\/guss-ex.com\/wp-content\/uploads\/2021\/12\/cos.png\" alt class=\"lazyload img-responsive wp-image-13697\" srcset=\"data:image\/svg+xml,%3Csvg%20xmlns%3D%27http%3A%2F%2Fwww.w3.org%2F2000%2Fsvg%27%20width%3D%27900%27%20height%3D%2757%27%20viewBox%3D%270%200%20900%2057%27%3E%3Crect%20width%3D%27900%27%20height%3D%2757%27%20fill-opacity%3D%220%22%2F%3E%3C%2Fsvg%3E\" data-srcset=\"https:\/\/guss-ex.com\/wp-content\/uploads\/2021\/12\/cos-200x13.png 200w, https:\/\/guss-ex.com\/wp-content\/uploads\/2021\/12\/cos-400x25.png 400w, https:\/\/guss-ex.com\/wp-content\/uploads\/2021\/12\/cos-600x38.png 600w, https:\/\/guss-ex.com\/wp-content\/uploads\/2021\/12\/cos-800x51.png 800w, https:\/\/guss-ex.com\/wp-content\/uploads\/2021\/12\/cos.png 900w\" data-sizes=\"auto\" data-orig-sizes=\"(max-width: 1024px) 100vw, (max-width: 640px) 100vw, 900px\" \/><\/span><\/div><\/div><\/div><\/div><\/div><div class=\"fusion-fullwidth fullwidth-box fusion-builder-row-4 fusion-flex-container nonhundred-percent-fullwidth non-hundred-percent-height-scrolling\" style=\"--awb-border-radius-top-left:0px;--awb-border-radius-top-right:0px;--awb-border-radius-bottom-right:0px;--awb-border-radius-bottom-left:0px;--awb-padding-top:3%;--awb-padding-bottom:3%;--awb-flex-wrap:wrap;\" ><div class=\"fusion-builder-row fusion-row fusion-flex-align-items-flex-start fusion-flex-content-wrap\" style=\"max-width:1310.4px;margin-left: calc(-4% \/ 2 );margin-right: calc(-4% \/ 2 );\"><div class=\"fusion-layout-column fusion_builder_column fusion-builder-column-4 fusion_builder_column_1_1 1_1 fusion-flex-column\" style=\"--awb-bg-size:cover;--awb-width-large:100%;--awb-margin-top-large:0px;--awb-spacing-right-large:1.92%;--awb-margin-bottom-large:20px;--awb-spacing-left-large:1.92%;--awb-width-medium:100%;--awb-order-medium:0;--awb-spacing-right-medium:1.92%;--awb-spacing-left-medium:1.92%;--awb-width-small:100%;--awb-order-small:0;--awb-spacing-right-small:1.92%;--awb-spacing-left-small:1.92%;\"><div class=\"fusion-column-wrapper fusion-column-has-shadow fusion-flex-justify-content-flex-start fusion-content-layout-column\"><div class=\"fusion-title title fusion-title-3 fusion-sep-none fusion-title-text fusion-title-size-two\"><h2 class=\"fusion-title-heading title-heading-left fusion-responsive-typography-calculated\" style=\"margin:0;--fontSize:40;line-height:1.1;\">GUSS-EX<\/h2><\/div><div class=\"fusion-text fusion-text-1\"><p>Unsere Firma GUSS-EX GmbH, gegr\u00fcndet 1989, ist ein Lieferant von Guss- und Schmiedeteilen f\u00fcr europ\u00e4ische Industrieunternehmen. Der Hauptsitz unseres Unternehmens befindet sich in Warschau.<\/p>\n<h3>GUSS-EX ist ein 100% polnisches Unternehmen.<\/h3>\n<\/div><\/div><\/div><div class=\"fusion-layout-column fusion_builder_column fusion-builder-column-5 fusion_builder_column_1_3 1_3 fusion-flex-column\" style=\"--awb-bg-size:cover;--awb-width-large:33.333333333333%;--awb-margin-top-large:0px;--awb-spacing-right-large:5.76%;--awb-margin-bottom-large:20px;--awb-spacing-left-large:5.76%;--awb-width-medium:100%;--awb-order-medium:0;--awb-spacing-right-medium:1.92%;--awb-spacing-left-medium:1.92%;--awb-width-small:100%;--awb-order-small:0;--awb-spacing-right-small:1.92%;--awb-spacing-left-small:1.92%;\"><div class=\"fusion-column-wrapper fusion-column-has-shadow fusion-flex-justify-content-flex-start fusion-content-layout-column\"><div class=\"fusion-title title fusion-title-4 fusion-sep-none fusion-title-text fusion-title-size-three\" style=\"--awb-font-size:20px;\"><h3 class=\"fusion-title-heading title-heading-left fusion-responsive-typography-calculated\" style=\"margin:0;font-size:1em;--fontSize:20;--minFontSize:20;line-height:1.2;\">Unsere Hauptt\u00e4tigkeit ist die Lieferung und komplette Bedienung der Kunden mit metallischen Teilen und Dienstleistungen:<\/h3><\/div><div class=\"fusion-text fusion-text-2\"><ul>\n<li>Graugussteile<\/li>\n<li>Sph\u00e4rogussteile<\/li>\n<li>Stahlgussteile<\/li>\n<li>Leichtmetallguss (z. B. Al, Zn; Kokille und Druck)<\/li>\n<li>Schmiedeteile<\/li>\n<li>Bearbeitung von Guss-, Schmiede- und Stahlteilen<\/li>\n<li>Oberfl\u00e4chenbeschichtung (z. B. Zn, Kataphorese, Pulverbeschichtung)<\/li>\n<li>Qualit\u00e4tspr\u00fcfung und -management<\/li>\n<li>Verpackung und Transport.<\/li>\n<\/ul>\n<\/div><\/div><\/div><div class=\"fusion-layout-column fusion_builder_column fusion-builder-column-6 fusion_builder_column_1_3 1_3 fusion-flex-column\" style=\"--awb-bg-size:cover;--awb-width-large:33.333333333333%;--awb-margin-top-large:0px;--awb-spacing-right-large:5.76%;--awb-margin-bottom-large:20px;--awb-spacing-left-large:5.76%;--awb-width-medium:100%;--awb-order-medium:0;--awb-spacing-right-medium:1.92%;--awb-spacing-left-medium:1.92%;--awb-width-small:100%;--awb-order-small:0;--awb-spacing-right-small:1.92%;--awb-spacing-left-small:1.92%;\"><div class=\"fusion-column-wrapper fusion-column-has-shadow fusion-flex-justify-content-flex-start fusion-content-layout-column\"><div class=\"fusion-title title fusion-title-5 fusion-sep-none fusion-title-text fusion-title-size-three\" style=\"--awb-font-size:20px;\"><h3 class=\"fusion-title-heading title-heading-left fusion-responsive-typography-calculated\" style=\"margin:0;font-size:1em;--fontSize:20;--minFontSize:20;line-height:1.2;\">Unsere Produktionsmethoden umfassen:<\/h3><\/div><div class=\"fusion-text fusion-text-3\"><ul>\n<li>Induktionsofenschmelzen und Kupolschmelzen<\/li>\n<li>horizontale Kastenformanlagen bis zu 2000 x 1200 x 900 mm<\/li>\n<li>vertikale kastenlose Formanlagen bis zu 1200 x 1050 mm (Disamatic, Loramendi)<\/li>\n<li>Hot-Box- und Cold-Box-Kernherstellung<\/li>\n<li>Wachsausschmelzverfahren<\/li>\n<li>CNC-Maschinen mit hoher Pr\u00e4zision und Wiederholbarkeit.<\/li>\n<\/ul>\n<\/div><\/div><\/div><div class=\"fusion-layout-column fusion_builder_column fusion-builder-column-7 fusion_builder_column_1_3 1_3 fusion-flex-column\" style=\"--awb-bg-size:cover;--awb-width-large:33.333333333333%;--awb-margin-top-large:0px;--awb-spacing-right-large:5.76%;--awb-margin-bottom-large:20px;--awb-spacing-left-large:5.76%;--awb-width-medium:100%;--awb-order-medium:0;--awb-spacing-right-medium:1.92%;--awb-spacing-left-medium:1.92%;--awb-width-small:100%;--awb-order-small:0;--awb-spacing-right-small:1.92%;--awb-spacing-left-small:1.92%;\"><div class=\"fusion-column-wrapper fusion-column-has-shadow fusion-flex-justify-content-flex-start fusion-content-layout-column\"><div class=\"fusion-title title fusion-title-6 fusion-sep-none fusion-title-text fusion-title-size-three\" style=\"--awb-font-size:20px;\"><h3 class=\"fusion-title-heading title-heading-left fusion-responsive-typography-calculated\" style=\"margin:0;font-size:1em;--fontSize:20;--minFontSize:20;line-height:1.2;\">Aufgrund unserer Erfahrung in der Lieferung von Gussteilen an einige der gr\u00f6\u00dften Unternehmen in Europa garantieren wir unseren Kunden:<\/h3><\/div><div class=\"fusion-text fusion-text-4\"><ul>\n<li>Eingehende Analyse spezifischer Produktanforderungen<\/li>\n<li>Produktionsverfahren, die f\u00fcr die jeweilige Anwendung am besten geeignet sind<\/li>\n<li>H\u00f6chste Qualit\u00e4t zu wettbewerbsf\u00e4higen Preisen<\/li>\n<li>Problemlose Lieferung des Endprodukts (einschlie\u00dflich zus\u00e4tzlicher Prozesse wie Bearbeitung, Oberfl\u00e4chenschutz)<\/li>\n<li>Qualit\u00e4tsmanagement<\/li>\n<li>Logistikdienstleistung<\/li>\n<\/ul>\n<\/div><\/div><\/div><div class=\"fusion-layout-column fusion_builder_column fusion-builder-column-8 fusion_builder_column_1_1 1_1 fusion-flex-column\" style=\"--awb-bg-size:cover;--awb-width-large:100%;--awb-margin-top-large:0px;--awb-spacing-right-large:1.92%;--awb-margin-bottom-large:20px;--awb-spacing-left-large:1.92%;--awb-width-medium:100%;--awb-order-medium:0;--awb-spacing-right-medium:1.92%;--awb-spacing-left-medium:1.92%;--awb-width-small:100%;--awb-order-small:0;--awb-spacing-right-small:1.92%;--awb-spacing-left-small:1.92%;\"><div class=\"fusion-column-wrapper fusion-column-has-shadow fusion-flex-justify-content-flex-start fusion-content-layout-column\"><div class=\"fusion-text fusion-text-5\"><p>Unser Unternehmen besch\u00e4ftigt hochqualifiziertes Ingenieurpersonal. Wir haben auch das vom T\u00dcV Rheinland verliehene <strong>ISO 9001:2000<\/strong> Qualit\u00e4tssicherungszertifikat.<\/p>\n<p>Wir garantieren kurze Produktionsstartzeiten und hohe Qualit\u00e4t der gelieferten Waren bei wettbewerbsf\u00e4higen Preisen.<\/p>\n<p>Unsere Gie\u00dferei hat eine \u00fcber 100-j\u00e4hrige Tradition und verf\u00fcgt \u00fcber moderne, fortschrittlichste Gie\u00dfereiausr\u00fcstung. Au\u00dferdem arbeiten wir mit vielen unserer Partnergie\u00dfereien in Polen zusammen, an die wir vertraglich gebunden sind.<\/p>\n<p>Zu unseren Kunden z\u00e4hlen namhafte Unternehmen aus der Haushaltsger\u00e4te-, Automobil-, Maschinen- und Wasserversorgungsindustrie.<\/p>\n<p>Wir sind daran interessiert, eine langfristige Zusammenarbeit im Bereich der Lieferungen von Gussteilen und anderen Metallteilen aufzubauen.<\/p>\n<\/div><\/div><\/div><\/div><\/div><\/p>\n","protected":false},"excerpt":{"rendered":"","protected":false},"author":1,"featured_media":0,"parent":0,"menu_order":0,"comment_status":"closed","ping_status":"closed","template":"100-width.php","meta":{"footnotes":""},"class_list":["post-13760","page","type-page","status-publish","hentry"],"aioseo_notices":[],"_links":{"self":[{"href":"https:\/\/guss-ex.com\/de\/wp-json\/wp\/v2\/pages\/13760","targetHints":{"allow":["GET"]}}],"collection":[{"href":"https:\/\/guss-ex.com\/de\/wp-json\/wp\/v2\/pages"}],"about":[{"href":"https:\/\/guss-ex.com\/de\/wp-json\/wp\/v2\/types\/page"}],"author":[{"embeddable":true,"href":"https:\/\/guss-ex.com\/de\/wp-json\/wp\/v2\/users\/1"}],"replies":[{"embeddable":true,"href":"https:\/\/guss-ex.com\/de\/wp-json\/wp\/v2\/comments?post=13760"}],"version-history":[{"count":4,"href":"https:\/\/guss-ex.com\/de\/wp-json\/wp\/v2\/pages\/13760\/revisions"}],"predecessor-version":[{"id":15284,"href":"https:\/\/guss-ex.com\/de\/wp-json\/wp\/v2\/pages\/13760\/revisions\/15284"}],"wp:attachment":[{"href":"https:\/\/guss-ex.com\/de\/wp-json\/wp\/v2\/media?parent=13760"}],"curies":[{"name":"wp","href":"https:\/\/api.w.org\/{rel}","templated":true}]}}