{"id":13763,"date":"2021-12-13T11:43:40","date_gmt":"2021-12-13T10:43:40","guid":{"rendered":"https:\/\/guss-ex.com\/die-stahlgussteile\/"},"modified":"2023-02-23T12:41:54","modified_gmt":"2023-02-23T11:41:54","slug":"die-stahlgussteile","status":"publish","type":"page","link":"https:\/\/guss-ex.com\/de\/die-gussteile-und-schmiedete\/die-stahlgussteile\/","title":{"rendered":"Die Stahlgussteile"},"content":{"rendered":"<p><div class=\"fusion-fullwidth fullwidth-box fusion-builder-row-1 fusion-flex-container fusion-parallax-none nonhundred-percent-fullwidth non-hundred-percent-height-scrolling lazyload\" style=\"--awb-background-position:center bottom;--awb-border-sizes-top:0;--awb-border-sizes-bottom:0;--awb-border-radius-top-left:0px;--awb-border-radius-top-right:0px;--awb-border-radius-bottom-right:0px;--awb-border-radius-bottom-left:0px;--awb-padding-top:100px;--awb-padding-bottom:25px;--awb-margin-top:0px;--awb-margin-bottom:0px;--awb-background-size:cover;--awb-flex-wrap:wrap;\" data-bg=\"https:\/\/guss-ex.com\/wp-content\/uploads\/2022\/06\/guss-ex-odlewy-i-odkuwki.jpg\" ><div class=\"fusion-builder-row fusion-row fusion-flex-align-items-flex-start fusion-flex-content-wrap\" style=\"max-width:1310.4px;margin-left: calc(-4% \/ 2 );margin-right: calc(-4% \/ 2 );\"><div class=\"fusion-layout-column fusion_builder_column fusion-builder-column-0 fusion_builder_column_1_1 1_1 fusion-flex-column\" style=\"--awb-padding-top:0px;--awb-padding-bottom:0px;--awb-bg-size:cover;--awb-width-large:100%;--awb-margin-top-large:0px;--awb-spacing-right-large:1.92%;--awb-margin-bottom-large:0px;--awb-spacing-left-large:1.92%;--awb-width-medium:100%;--awb-order-medium:0;--awb-spacing-right-medium:1.92%;--awb-spacing-left-medium:1.92%;--awb-width-small:100%;--awb-order-small:0;--awb-spacing-right-small:1.92%;--awb-spacing-left-small:1.92%;\"><div class=\"fusion-column-wrapper fusion-column-has-shadow fusion-flex-justify-content-flex-end fusion-content-layout-column\"><div class=\"fusion-title title fusion-title-1 fusion-sep-none fusion-title-text fusion-title-size-three fusion-animated\" style=\"--awb-text-color:#ffffff;--awb-font-size:2em;\" data-animationType=\"fadeInLeft\" data-animationDuration=\"0.5\" data-animationOffset=\"top-into-view\"><h3 class=\"fusion-title-heading title-heading-left fusion-responsive-typography-calculated\" style=\"margin:0;font-size:1em;--fontSize:32;line-height:1.2;\">Die Gussteile Und Schmiedete<\/h3><\/div><\/div><\/div><\/div><\/div><div class=\"fusion-fullwidth fullwidth-box fusion-builder-row-2 fusion-flex-container nonhundred-percent-fullwidth non-hundred-percent-height-scrolling\" style=\"--awb-border-radius-top-left:0px;--awb-border-radius-top-right:0px;--awb-border-radius-bottom-right:0px;--awb-border-radius-bottom-left:0px;--awb-padding-top:3%;--awb-padding-bottom:3%;--awb-flex-wrap:wrap;\" ><div class=\"fusion-builder-row fusion-row fusion-flex-align-items-flex-start fusion-flex-content-wrap\" style=\"max-width:1310.4px;margin-left: calc(-4% \/ 2 );margin-right: calc(-4% \/ 2 );\"><div class=\"fusion-layout-column fusion_builder_column fusion-builder-column-1 fusion_builder_column_1_1 1_1 fusion-flex-column\" style=\"--awb-bg-size:cover;--awb-width-large:100%;--awb-margin-top-large:0px;--awb-spacing-right-large:1.92%;--awb-margin-bottom-large:0px;--awb-spacing-left-large:1.92%;--awb-width-medium:100%;--awb-spacing-right-medium:1.92%;--awb-spacing-left-medium:1.92%;--awb-width-small:100%;--awb-spacing-right-small:1.92%;--awb-spacing-left-small:1.92%;\"><div class=\"fusion-column-wrapper fusion-flex-justify-content-flex-start fusion-content-layout-column\"><div class=\"fusion-title title fusion-title-2 fusion-sep-none fusion-title-text fusion-title-size-two fusion-animated\" data-animationType=\"fadeInLeft\" data-animationDuration=\"0.5\" data-animationOffset=\"top-into-view\"><h2 class=\"fusion-title-heading title-heading-left fusion-responsive-typography-calculated\" style=\"margin:0;--fontSize:40;line-height:1.1;\">Die Stahlgussteile<\/h2><\/div><div class=\"fusion-text fusion-text-1\" style=\"--awb-text-transform:none;\"><div class=\"txroler\">\n<div class=\"table-1\">\n<table width=\"100%\">\n<thead>\n<tr>\n<td><\/td>\n<td colspan=\"2\"><a class=\"clickSlide\" href=\"https:\/\/guss-ex.com\/odlewy\/#formowanie\">Handformen<\/a><\/td>\n<td><a class=\"clickSlide\" href=\"https:\/\/guss-ex.com\/odlewy\/#formowanie2\">Maschinenformen<\/a><\/td>\n<td colspan=\"2\"><a class=\"clickSlide\" href=\"https:\/\/guss-ex.com\/odlewy\/#odlewanie\">Wachsausschmelzverfahren<\/a><\/td>\n<td><a class=\"clickSlide\" href=\"https:\/\/guss-ex.com\/odlewy\/#odlewanie2\">Lost Foam Verfahren<br \/>\n(lost foam)<\/a><\/td>\n<td colspan=\"2\"><a class=\"clickSlide\" href=\"https:\/\/guss-ex.com\/odlewy\/#odlewanie3\">Druckguss<\/a><\/td>\n<td><a class=\"clickSlide\" href=\"https:\/\/guss-ex.com\/odlewy\/#odlewanie4\">Kokilenguss<\/a><\/td>\n<\/tr>\n<\/thead>\n<tbody>\n<tr class=\"trChecky\">\n<td>Stahlguss<\/td>\n<td colspan=\"2\"><img class=\"lazyload\" decoding=\"async\" src=\"data:image\/gif;base64,R0lGODlhAQABAAAAACH5BAEKAAEALAAAAAABAAEAAAICTAEAOw==\" data-orig-src=\"https:\/\/guss-ex.com\/wp-content\/uploads\/2022\/05\/fifka.png\" width=\"50\"><\/td>\n<td><img class=\"lazyload\" decoding=\"async\" src=\"data:image\/gif;base64,R0lGODlhAQABAAAAACH5BAEKAAEALAAAAAABAAEAAAICTAEAOw==\" data-orig-src=\"https:\/\/guss-ex.com\/wp-content\/uploads\/2022\/05\/fifka.png\" width=\"50\"><\/td>\n<td colspan=\"2\"><img class=\"lazyload\" decoding=\"async\" src=\"data:image\/gif;base64,R0lGODlhAQABAAAAACH5BAEKAAEALAAAAAABAAEAAAICTAEAOw==\" data-orig-src=\"https:\/\/guss-ex.com\/wp-content\/uploads\/2022\/05\/fifka.png\" width=\"50\"><\/td>\n<td><\/td>\n<td colspan=\"2\"><\/td>\n<td><\/td>\n<\/tr>\n<tr class=\"trGrey\">\n<td colspan=\"10\"><a class=\"headerClick\" rel=\"cl-3\"><i class=\"fa fa-arrow-circle-down\" aria-hidden=\"true\"><\/i> <strong>Stahlgusssorten<\/strong><\/a><\/td>\n<\/tr>\n<\/tbody>\n<\/table>\n<table id=\"cl-3\" class=\"hideTable\">\n<tbody>\n<tr>\n<td colspan=\"10\">Stahlguss nach DIN EN 10293:2005-06 und DIN EN 10283<\/td>\n<\/tr>\n<tr>\n<td colspan=\"5\">PN-EN 10293:2005-06<\/td>\n<td colspan=\"5\"> Spezifikation nach DIN EN 1681: 1985-06<\/p>\n<p>DIN 17182:1992-05<\/p>\n<p>DIN 17205:1992-04<\/p>\n<p>(stara nomenklatura)<\/td>\n<\/tr>\n<tr>\n<td colspan=\"2\"> Materialbezeichnung<\/td>\n<td colspan=\"3\">Nummer<\/td>\n<td colspan=\"3\"> Materialbezeichnung<\/td>\n<td colspan=\"2\"> Nummer<\/td>\n<\/tr>\n<tr>\n<td colspan=\"2\">GE200<\/td>\n<td colspan=\"3\">1.0420<\/td>\n<td colspan=\"3\">GS-38<\/td>\n<td colspan=\"2\">1.0420<\/td>\n<\/tr>\n<tr>\n<td colspan=\"2\">GE240<\/td>\n<td colspan=\"3\">1.0446<\/td>\n<td colspan=\"3\">GS-45<\/td>\n<td colspan=\"2\">1.0446<\/td>\n<\/tr>\n<tr>\n<td colspan=\"2\">GE300<\/td>\n<td colspan=\"3\">1.0558<\/td>\n<td colspan=\"3\">GS-60<\/td>\n<td colspan=\"2\">1.0558<\/td>\n<\/tr>\n<tr>\n<td colspan=\"2\">G17Mn5<\/td>\n<td colspan=\"3\">1.1131<\/td>\n<td colspan=\"3\">GS-16 Mn 5<\/td>\n<td colspan=\"2\">1.1131<\/td>\n<\/tr>\n<tr>\n<td colspan=\"2\">G20Mn5<\/td>\n<td colspan=\"3\">1.6220<\/td>\n<td colspan=\"3\">GS-20 Mn 5<\/td>\n<td colspan=\"2\">1.1120<\/td>\n<\/tr>\n<tr>\n<td colspan=\"2\">G28Mn6<\/td>\n<td colspan=\"3\">1.1165<\/td>\n<td colspan=\"3\">GS-30 Mn 5<\/td>\n<td colspan=\"2\">1.1165<\/td>\n<\/tr>\n<tr>\n<td colspan=\"2\">G26CrMo4<\/td>\n<td colspan=\"3\">1.7221<\/td>\n<td colspan=\"3\">GS-25 CrMo 4<\/td>\n<td colspan=\"2\">1.7218<\/td>\n<\/tr>\n<tr>\n<td colspan=\"2\">G34CrMo4<\/td>\n<td colspan=\"3\">1.7230<\/td>\n<td colspan=\"3\">GS-34 CrMo 4<\/td>\n<td colspan=\"2\">1.7220<\/td>\n<\/tr>\n<tr>\n<td colspan=\"2\">G42CrMo4<\/td>\n<td colspan=\"3\">1.7231<\/td>\n<td colspan=\"3\">GS-42 CrMo 4<\/td>\n<td colspan=\"2\">1.7225<\/td>\n<\/tr>\n<tr>\n<td colspan=\"2\">G30CrMoV6-4<\/td>\n<td colspan=\"3\">1.7725<\/td>\n<td colspan=\"3\">GS-30 CrMoV 6 4<\/td>\n<td colspan=\"2\">1.6582<\/td>\n<\/tr>\n<tr>\n<td colspan=\"2\">G35CrNiMo6-6<\/td>\n<td colspan=\"3\">1.6579<\/td>\n<td colspan=\"3\">GS-34 CrNiMo 6<\/td>\n<td colspan=\"2\">1.6582<\/td>\n<\/tr>\n<tr>\n<td colspan=\"2\">G32NiCrMo8-5-4<\/td>\n<td colspan=\"3\">1.6570<\/td>\n<td colspan=\"3\">GS-30 NiCrMo 8 5<\/td>\n<td colspan=\"2\">1.6570<\/td>\n<\/tr>\n<tr>\n<td colspan=\"10\">DIN EN 10283<\/td>\n<\/tr>\n<tr>\n<td colspan=\"5\"> Materialbezeichnung<\/td>\n<td colspan=\"5\">Nummer<\/td>\n<\/tr>\n<tr>\n<td colspan=\"5\">G X 6 Cr NiN 26 7<\/td>\n<td colspan=\"5\">1.4347<\/td>\n<\/tr>\n<tr>\n<td colspan=\"5\">G X 2 CrNiMoN 26 7 4<\/td>\n<td colspan=\"5\">1.4469<\/td>\n<\/tr>\n<tr>\n<td colspan=\"5\">G X 2 CrNiMoN 22 5 3<\/td>\n<td colspan=\"5\">1.4470<\/td>\n<\/tr>\n<tr>\n<td colspan=\"5\">G X 6 CrNi 18 9<\/td>\n<td colspan=\"5\">1.4308<\/td>\n<\/tr>\n<tr>\n<td colspan=\"5\">G X 6 CrNiMo 18 10<\/td>\n<td colspan=\"5\">1.4408<\/td>\n<\/tr>\n<tr>\n<td colspan=\"5\">G X 5 CrNiNb 18 9<\/td>\n<td colspan=\"5\">1.4552<\/td>\n<\/tr>\n<\/tbody>\n<\/table>\n<\/div>\n<\/div>\n<\/div><\/div><\/div><\/div><\/div><div class=\"fusion-fullwidth fullwidth-box fusion-builder-row-3 fusion-flex-container nonhundred-percent-fullwidth non-hundred-percent-height-scrolling\" style=\"--awb-border-radius-top-left:0px;--awb-border-radius-top-right:0px;--awb-border-radius-bottom-right:0px;--awb-border-radius-bottom-left:0px;--awb-padding-top:3%;--awb-padding-bottom:2%;--awb-flex-wrap:wrap;\" ><div class=\"fusion-builder-row fusion-row fusion-flex-align-items-flex-start fusion-flex-content-wrap\" style=\"max-width:1310.4px;margin-left: calc(-4% \/ 2 );margin-right: calc(-4% \/ 2 );\"><div class=\"fusion-layout-column fusion_builder_column fusion-builder-column-2 fusion_builder_column_1_3 1_3 fusion-flex-column\" style=\"--awb-bg-size:cover;--awb-width-large:33.333333333333%;--awb-margin-top-large:0px;--awb-spacing-right-large:5.76%;--awb-margin-bottom-large:20px;--awb-spacing-left-large:5.76%;--awb-width-medium:100%;--awb-order-medium:0;--awb-spacing-right-medium:1.92%;--awb-spacing-left-medium:1.92%;--awb-width-small:100%;--awb-order-small:0;--awb-spacing-right-small:1.92%;--awb-spacing-left-small:1.92%;\"><div class=\"fusion-column-wrapper fusion-column-has-shadow fusion-flex-justify-content-flex-start fusion-content-layout-column\"><div class=\"fusion-title title fusion-title-3 fusion-sep-none fusion-title-text fusion-title-size-two\" style=\"--awb-font-size:28px;\"><h2 class=\"fusion-title-heading title-heading-left fusion-responsive-typography-calculated\" style=\"margin:0;font-size:1em;--fontSize:28;line-height:1.1;\"><div id=\"formowanie\"><\/div>\n<p>Handformen<\/h2><\/div><div class=\"fusion-text fusion-text-2\" style=\"--awb-text-transform:none;\"><p>Wir bitten Kleinserien- und Einzeilteile in Gewicht von 100 kg bis 10000 kg an. Die sind entweder in Furanharz oder in Bentonitsand mit Hand oder teilweise maschinengeformt.<\/p>\n<\/div><\/div><\/div><div class=\"fusion-layout-column fusion_builder_column fusion-builder-column-3 fusion_builder_column_1_3 1_3 fusion-flex-column\" style=\"--awb-bg-size:cover;--awb-width-large:33.333333333333%;--awb-margin-top-large:0px;--awb-spacing-right-large:5.76%;--awb-margin-bottom-large:20px;--awb-spacing-left-large:5.76%;--awb-width-medium:100%;--awb-order-medium:0;--awb-spacing-right-medium:1.92%;--awb-spacing-left-medium:1.92%;--awb-width-small:100%;--awb-order-small:0;--awb-spacing-right-small:1.92%;--awb-spacing-left-small:1.92%;\"><div class=\"fusion-column-wrapper fusion-column-has-shadow fusion-flex-justify-content-flex-start fusion-content-layout-column\"><div class=\"fusion-title title fusion-title-4 fusion-sep-none fusion-title-text fusion-title-size-two\" style=\"--awb-font-size:28px;\"><h2 class=\"fusion-title-heading title-heading-left fusion-responsive-typography-calculated\" style=\"margin:0;font-size:1em;--fontSize:28;line-height:1.1;\"><div id=\"formowanie2\"><\/div>\n<p>Maschinenformen<\/h2><\/div><div class=\"fusion-text fusion-text-3\" style=\"--awb-text-transform:none;\"><p>Wir bitten Klein- Mittel- und Grossserien bis 250 kg an. Die sind auf den automatischen Formanlagen mit horizontale oder vertikale Formteilung hergestellt.<\/p>\n<\/div><\/div><\/div><div class=\"fusion-layout-column fusion_builder_column fusion-builder-column-4 fusion_builder_column_1_3 1_3 fusion-flex-column\" style=\"--awb-bg-size:cover;--awb-width-large:33.333333333333%;--awb-margin-top-large:0px;--awb-spacing-right-large:5.76%;--awb-margin-bottom-large:20px;--awb-spacing-left-large:5.76%;--awb-width-medium:100%;--awb-order-medium:0;--awb-spacing-right-medium:1.92%;--awb-spacing-left-medium:1.92%;--awb-width-small:100%;--awb-order-small:0;--awb-spacing-right-small:1.92%;--awb-spacing-left-small:1.92%;\"><div class=\"fusion-column-wrapper fusion-column-has-shadow fusion-flex-justify-content-flex-start fusion-content-layout-column\"><div class=\"fusion-title title fusion-title-5 fusion-sep-none fusion-title-text fusion-title-size-two\" style=\"--awb-font-size:28px;\"><h2 class=\"fusion-title-heading title-heading-left fusion-responsive-typography-calculated\" style=\"margin:0;font-size:1em;--fontSize:28;line-height:1.1;\"><div id=\"odlewanie\"><\/div>\n<p>Wachsausschmelzverfahren<\/h2><\/div><div class=\"fusion-text fusion-text-4\" style=\"--awb-text-transform:none;\"><p>Wir bitten die Pr\u00e4zisionsgussabg\u00fcsse mit Nutzung von Wachsausschmelzferfahren an, die erm\u00f6glicht sehr genaue Abmessungen zu erreichen. Es passt zu den hochbeanspruchten Gussteilen die den grossen Genauigkeitsanforderungen unterliegen.<\/p>\n<\/div><\/div><\/div><\/div><\/div><div class=\"fusion-fullwidth fullwidth-box fusion-builder-row-4 fusion-flex-container has-pattern-background has-mask-background nonhundred-percent-fullwidth non-hundred-percent-height-scrolling\" style=\"--awb-border-radius-top-left:0px;--awb-border-radius-top-right:0px;--awb-border-radius-bottom-right:0px;--awb-border-radius-bottom-left:0px;--awb-padding-top:2%;--awb-padding-bottom:2%;--awb-margin-top:0px;--awb-margin-bottom:0px;--awb-background-color:#eeeeee;--awb-flex-wrap:wrap;\" ><div class=\"fusion-builder-row fusion-row fusion-flex-align-items-flex-start fusion-flex-content-wrap\" style=\"max-width:1310.4px;margin-left: calc(-4% \/ 2 );margin-right: calc(-4% \/ 2 );\"><div class=\"fusion-layout-column fusion_builder_column fusion-builder-column-5 fusion_builder_column_1_1 1_1 fusion-flex-column\" style=\"--awb-padding-top:0px;--awb-padding-bottom:0px;--awb-bg-size:cover;--awb-width-large:100%;--awb-margin-top-large:0px;--awb-spacing-right-large:1.92%;--awb-margin-bottom-large:0px;--awb-spacing-left-large:1.92%;--awb-width-medium:100%;--awb-order-medium:0;--awb-spacing-right-medium:1.92%;--awb-spacing-left-medium:1.92%;--awb-width-small:100%;--awb-order-small:0;--awb-spacing-right-small:1.92%;--awb-spacing-left-small:1.92%;\"><div class=\"fusion-column-wrapper fusion-column-has-shadow fusion-flex-justify-content-flex-start fusion-content-layout-column\"><div class=\"fusion-text fusion-text-5 fusion-text-no-margin linki\" style=\"--awb-content-alignment:center;\"><p><a title=\"Eisengussteile\" href=\"https:\/\/guss-ex.com\/die-gussteile-und-schmiedete\/eisengussteile\/?lang=de\">Eisengussteile<\/a> | <a title=\"Die Stahlgussteile\" href=\"https:\/\/guss-ex.com\/die-gussteile-und-schmiedete\/die-stahlgussteile\/?lang=de\">Die Stahlgussteile<\/a> | <a title=\"Gussteile aus Al und Cu Legierungen\" href=\"https:\/\/guss-ex.com\/die-gussteile-und-schmiedete\/gussteile-aus-nichteisenmetallen\/?lang=de\">Gussteile aus Aluminium- und Kupferlegierungen<\/a> | <a href=\"https:\/\/guss-ex.com\/die-gussteile-und-schmiedete\/schmiedeteile\/?lang=de\">Schmiedeteile<\/a><\/p>\n<\/div><\/div><\/div><\/div><\/div><\/p>\n","protected":false},"excerpt":{"rendered":"","protected":false},"author":1,"featured_media":0,"parent":13779,"menu_order":0,"comment_status":"closed","ping_status":"closed","template":"100-width.php","meta":{"footnotes":""},"class_list":["post-13763","page","type-page","status-publish","hentry"],"aioseo_notices":[],"_links":{"self":[{"href":"https:\/\/guss-ex.com\/de\/wp-json\/wp\/v2\/pages\/13763","targetHints":{"allow":["GET"]}}],"collection":[{"href":"https:\/\/guss-ex.com\/de\/wp-json\/wp\/v2\/pages"}],"about":[{"href":"https:\/\/guss-ex.com\/de\/wp-json\/wp\/v2\/types\/page"}],"author":[{"embeddable":true,"href":"https:\/\/guss-ex.com\/de\/wp-json\/wp\/v2\/users\/1"}],"replies":[{"embeddable":true,"href":"https:\/\/guss-ex.com\/de\/wp-json\/wp\/v2\/comments?post=13763"}],"version-history":[{"count":8,"href":"https:\/\/guss-ex.com\/de\/wp-json\/wp\/v2\/pages\/13763\/revisions"}],"predecessor-version":[{"id":15893,"href":"https:\/\/guss-ex.com\/de\/wp-json\/wp\/v2\/pages\/13763\/revisions\/15893"}],"up":[{"embeddable":true,"href":"https:\/\/guss-ex.com\/de\/wp-json\/wp\/v2\/pages\/13779"}],"wp:attachment":[{"href":"https:\/\/guss-ex.com\/de\/wp-json\/wp\/v2\/media?parent=13763"}],"curies":[{"name":"wp","href":"https:\/\/api.w.org\/{rel}","templated":true}]}}