{"id":13765,"date":"2021-12-13T11:42:12","date_gmt":"2021-12-13T10:42:12","guid":{"rendered":"https:\/\/guss-ex.com\/schmiedeteile\/"},"modified":"2023-02-23T12:48:56","modified_gmt":"2023-02-23T11:48:56","slug":"schmiedeteile","status":"publish","type":"page","link":"https:\/\/guss-ex.com\/de\/die-gussteile-und-schmiedete\/schmiedeteile\/","title":{"rendered":"Schmiedeteile"},"content":{"rendered":"<p><div class=\"fusion-fullwidth fullwidth-box fusion-builder-row-1 fusion-flex-container fusion-parallax-none nonhundred-percent-fullwidth non-hundred-percent-height-scrolling lazyload\" style=\"--awb-background-position:center bottom;--awb-border-sizes-top:0;--awb-border-sizes-bottom:0;--awb-border-radius-top-left:0px;--awb-border-radius-top-right:0px;--awb-border-radius-bottom-right:0px;--awb-border-radius-bottom-left:0px;--awb-padding-top:100px;--awb-padding-bottom:25px;--awb-margin-top:0px;--awb-margin-bottom:0px;--awb-background-size:cover;--awb-flex-wrap:wrap;\" data-bg=\"https:\/\/guss-ex.com\/wp-content\/uploads\/2022\/06\/guss-ex-odlewy-i-odkuwki.jpg\" ><div class=\"fusion-builder-row fusion-row fusion-flex-align-items-flex-start fusion-flex-content-wrap\" style=\"max-width:1310.4px;margin-left: calc(-4% \/ 2 );margin-right: calc(-4% \/ 2 );\"><div class=\"fusion-layout-column fusion_builder_column fusion-builder-column-0 fusion_builder_column_1_1 1_1 fusion-flex-column\" style=\"--awb-padding-top:0px;--awb-padding-bottom:0px;--awb-bg-size:cover;--awb-width-large:100%;--awb-margin-top-large:0px;--awb-spacing-right-large:1.92%;--awb-margin-bottom-large:0px;--awb-spacing-left-large:1.92%;--awb-width-medium:100%;--awb-order-medium:0;--awb-spacing-right-medium:1.92%;--awb-spacing-left-medium:1.92%;--awb-width-small:100%;--awb-order-small:0;--awb-spacing-right-small:1.92%;--awb-spacing-left-small:1.92%;\"><div class=\"fusion-column-wrapper fusion-column-has-shadow fusion-flex-justify-content-flex-end fusion-content-layout-column\"><div class=\"fusion-title title fusion-title-1 fusion-sep-none fusion-title-text fusion-title-size-three fusion-animated\" style=\"--awb-text-color:#ffffff;--awb-font-size:2em;\" data-animationType=\"fadeInLeft\" data-animationDuration=\"0.5\" data-animationOffset=\"top-into-view\"><h3 class=\"fusion-title-heading title-heading-left fusion-responsive-typography-calculated\" style=\"margin:0;font-size:1em;--fontSize:32;line-height:1.2;\">Die Gussteile Und Schmiedete<\/h3><\/div><\/div><\/div><\/div><\/div><div class=\"fusion-fullwidth fullwidth-box fusion-builder-row-2 fusion-flex-container nonhundred-percent-fullwidth non-hundred-percent-height-scrolling\" style=\"--awb-border-radius-top-left:0px;--awb-border-radius-top-right:0px;--awb-border-radius-bottom-right:0px;--awb-border-radius-bottom-left:0px;--awb-padding-top:3%;--awb-padding-bottom:3%;--awb-flex-wrap:wrap;\" ><div class=\"fusion-builder-row fusion-row fusion-flex-align-items-flex-start fusion-flex-content-wrap\" style=\"max-width:1310.4px;margin-left: calc(-4% \/ 2 );margin-right: calc(-4% \/ 2 );\"><div class=\"fusion-layout-column fusion_builder_column fusion-builder-column-1 fusion_builder_column_1_1 1_1 fusion-flex-column\" style=\"--awb-bg-size:cover;--awb-width-large:100%;--awb-margin-top-large:0px;--awb-spacing-right-large:1.92%;--awb-margin-bottom-large:0px;--awb-spacing-left-large:1.92%;--awb-width-medium:100%;--awb-spacing-right-medium:1.92%;--awb-spacing-left-medium:1.92%;--awb-width-small:100%;--awb-spacing-right-small:1.92%;--awb-spacing-left-small:1.92%;\"><div class=\"fusion-column-wrapper fusion-flex-justify-content-flex-start fusion-content-layout-column\"><div class=\"fusion-title title fusion-title-2 fusion-sep-none fusion-title-text fusion-title-size-two fusion-animated\" data-animationType=\"fadeInLeft\" data-animationDuration=\"0.5\" data-animationOffset=\"top-into-view\"><h2 class=\"fusion-title-heading title-heading-left fusion-responsive-typography-calculated\" style=\"margin:0;--fontSize:40;line-height:1.1;\">Schmiedeteile<\/h2><\/div><div class=\"fusion-text fusion-text-1\" style=\"--awb-text-transform:none;\"><p>GUSS-EX bietet Gesenkschmiedest\u00fccke, offene und halboffene Gesenkschmiedest\u00fccke an. Unser Angebot richtet sich an Kunden aus folgenden Branchen: Bergbau, Energie, Eisenbahn, Petrochemie, Schiffbau und Schiffsbau, Landmaschinen, Automobil, Transport und Bauwesen.<br \/>\nF\u00fcr unsere Schmiedeteile bieten wir auch W\u00e4rmebehandlungsleistungen, Zerspanung, Strahlen, Biegen sowie mechanische und zerst\u00f6rungsfreie Pr\u00fcfungen an. Die Qualit\u00e4t der Schmiedest\u00fccke wird von der QS-Abteilung \u00fcberwacht, die mit modernsten Kontroll- und Messger\u00e4ten ausgestattet ist.<\/p>\n<h4>GUSS-EX bietet Schmiedeteile:<\/h4>\n<ul>\n<li>Gesenkschmiede mit einem Gewicht von 0,2 bis 60 kg<\/li>\n<li>halbfrei geschmiedet, mit einem Gewicht von bis zu 6000 kg<\/li>\n<li>frei geschmiedet, bis 6000 kg schwer<\/li>\n<\/ul>\n<p>Wir stellen Schmiedest\u00fccke aus folgenden Materialien her: Kohlenstoffst\u00e4hle, legierte St\u00e4hle, hochlegierte St\u00e4hle, NE-Metalllegierungen.<br \/>\nAuf Kundenwunsch bieten wir Schmiedest\u00fccke in folgendem Zustand an: roh, w\u00e4rmebehandelt, mechanisch bearbeitet mit Pr\u00fcfungen: mechanische, Ultraschall- und metallographische Eigenschaften.<\/p>\n<\/div><div class=\"fusion-text fusion-text-2 fusion-text-no-margin\" style=\"--awb-text-transform:none;--awb-margin-top:10px;--awb-margin-bottom:15px;\"><p><strong>Zur Schmiedeausr\u00fcstung geh\u00f6ren:<\/strong><\/p>\n<ul>\n<li>Linien von Schmiedepressen<\/li>\n<li>Schmiedemaschinen<\/li>\n<li>mechanische Pressen; 1000, 1300; 1600; 1800; 2500; 4000; 6300T.<\/li>\n<li>Pressen 500; 1250; 1600 T.<\/li>\n<li>Friktionsschneckenpresse 150 T<\/li>\n<li>H\u00e4mmer 1; 2,3; 5 T<\/li>\n<\/ul>\n<\/div><\/div><\/div><\/div><\/div><div class=\"fusion-fullwidth fullwidth-box fusion-builder-row-3 fusion-flex-container has-pattern-background has-mask-background nonhundred-percent-fullwidth non-hundred-percent-height-scrolling\" style=\"--awb-border-radius-top-left:0px;--awb-border-radius-top-right:0px;--awb-border-radius-bottom-right:0px;--awb-border-radius-bottom-left:0px;--awb-padding-top:2%;--awb-padding-bottom:2%;--awb-margin-top:0px;--awb-margin-bottom:0px;--awb-background-color:#eeeeee;--awb-flex-wrap:wrap;\" ><div class=\"fusion-builder-row fusion-row fusion-flex-align-items-flex-start fusion-flex-content-wrap\" style=\"max-width:1310.4px;margin-left: calc(-4% \/ 2 );margin-right: calc(-4% \/ 2 );\"><div class=\"fusion-layout-column fusion_builder_column fusion-builder-column-2 fusion_builder_column_1_1 1_1 fusion-flex-column\" style=\"--awb-padding-top:0px;--awb-padding-bottom:0px;--awb-bg-size:cover;--awb-width-large:100%;--awb-margin-top-large:0px;--awb-spacing-right-large:1.92%;--awb-margin-bottom-large:0px;--awb-spacing-left-large:1.92%;--awb-width-medium:100%;--awb-order-medium:0;--awb-spacing-right-medium:1.92%;--awb-spacing-left-medium:1.92%;--awb-width-small:100%;--awb-order-small:0;--awb-spacing-right-small:1.92%;--awb-spacing-left-small:1.92%;\"><div class=\"fusion-column-wrapper fusion-column-has-shadow fusion-flex-justify-content-flex-start fusion-content-layout-column\"><div class=\"fusion-text fusion-text-3 fusion-text-no-margin linki\" style=\"--awb-content-alignment:center;\"><p><a title=\"Eisengussteile\" href=\"https:\/\/guss-ex.com\/die-gussteile-und-schmiedete\/eisengussteile\/?lang=de\">Eisengussteile<\/a> | <a title=\"Die Stahlgussteile\" href=\"https:\/\/guss-ex.com\/die-gussteile-und-schmiedete\/die-stahlgussteile\/?lang=de\">Die Stahlgussteile<\/a> | <a title=\"Gussteile aus Al und Cu Legierungen\" href=\"https:\/\/guss-ex.com\/die-gussteile-und-schmiedete\/gussteile-aus-nichteisenmetallen\/?lang=de\">Gussteile aus Aluminium- und Kupferlegierungen<\/a> | <a href=\"https:\/\/guss-ex.com\/die-gussteile-und-schmiedete\/schmiedeteile\/?lang=de\">Schmiedeteile<\/a><\/p>\n<\/div><\/div><\/div><\/div><\/div><\/p>\n","protected":false},"excerpt":{"rendered":"","protected":false},"author":1,"featured_media":0,"parent":13779,"menu_order":0,"comment_status":"closed","ping_status":"closed","template":"100-width.php","meta":{"footnotes":""},"class_list":["post-13765","page","type-page","status-publish","hentry"],"aioseo_notices":[],"_links":{"self":[{"href":"https:\/\/guss-ex.com\/de\/wp-json\/wp\/v2\/pages\/13765","targetHints":{"allow":["GET"]}}],"collection":[{"href":"https:\/\/guss-ex.com\/de\/wp-json\/wp\/v2\/pages"}],"about":[{"href":"https:\/\/guss-ex.com\/de\/wp-json\/wp\/v2\/types\/page"}],"author":[{"embeddable":true,"href":"https:\/\/guss-ex.com\/de\/wp-json\/wp\/v2\/users\/1"}],"replies":[{"embeddable":true,"href":"https:\/\/guss-ex.com\/de\/wp-json\/wp\/v2\/comments?post=13765"}],"version-history":[{"count":7,"href":"https:\/\/guss-ex.com\/de\/wp-json\/wp\/v2\/pages\/13765\/revisions"}],"predecessor-version":[{"id":15897,"href":"https:\/\/guss-ex.com\/de\/wp-json\/wp\/v2\/pages\/13765\/revisions\/15897"}],"up":[{"embeddable":true,"href":"https:\/\/guss-ex.com\/de\/wp-json\/wp\/v2\/pages\/13779"}],"wp:attachment":[{"href":"https:\/\/guss-ex.com\/de\/wp-json\/wp\/v2\/media?parent=13765"}],"curies":[{"name":"wp","href":"https:\/\/api.w.org\/{rel}","templated":true}]}}