{"id":13779,"date":"2021-12-13T11:36:10","date_gmt":"2021-12-13T10:36:10","guid":{"rendered":"https:\/\/guss-ex.com\/die-gussteile-und-schmiedete\/"},"modified":"2023-02-23T12:38:41","modified_gmt":"2023-02-23T11:38:41","slug":"die-gussteile-und-schmiedete","status":"publish","type":"page","link":"https:\/\/guss-ex.com\/de\/die-gussteile-und-schmiedete\/","title":{"rendered":"Die Gussteile Und Schmiedete"},"content":{"rendered":"<p><div class=\"fusion-fullwidth fullwidth-box fusion-builder-row-1 fusion-flex-container fusion-parallax-none nonhundred-percent-fullwidth non-hundred-percent-height-scrolling lazyload\" style=\"--awb-background-position:center bottom;--awb-border-sizes-top:0;--awb-border-sizes-bottom:0;--awb-border-radius-top-left:0px;--awb-border-radius-top-right:0px;--awb-border-radius-bottom-right:0px;--awb-border-radius-bottom-left:0px;--awb-padding-top:100px;--awb-padding-bottom:25px;--awb-margin-top:0px;--awb-margin-bottom:0px;--awb-background-size:cover;--awb-flex-wrap:wrap;\" data-bg=\"https:\/\/guss-ex.com\/wp-content\/uploads\/2022\/06\/guss-ex-odlewy-i-odkuwki.jpg\" ><div class=\"fusion-builder-row fusion-row fusion-flex-align-items-flex-start fusion-flex-content-wrap\" style=\"max-width:1310.4px;margin-left: calc(-4% \/ 2 );margin-right: calc(-4% \/ 2 );\"><div class=\"fusion-layout-column fusion_builder_column fusion-builder-column-0 fusion_builder_column_1_1 1_1 fusion-flex-column\" style=\"--awb-padding-top:0px;--awb-padding-bottom:0px;--awb-bg-size:cover;--awb-width-large:100%;--awb-margin-top-large:0px;--awb-spacing-right-large:1.92%;--awb-margin-bottom-large:0px;--awb-spacing-left-large:1.92%;--awb-width-medium:100%;--awb-order-medium:0;--awb-spacing-right-medium:1.92%;--awb-spacing-left-medium:1.92%;--awb-width-small:100%;--awb-order-small:0;--awb-spacing-right-small:1.92%;--awb-spacing-left-small:1.92%;\"><div class=\"fusion-column-wrapper fusion-column-has-shadow fusion-flex-justify-content-flex-end fusion-content-layout-column\"><div class=\"fusion-title title fusion-title-1 fusion-sep-none fusion-title-text fusion-title-size-three fusion-animated\" style=\"--awb-text-color:#ffffff;--awb-font-size:2em;\" data-animationType=\"fadeInLeft\" data-animationDuration=\"0.5\" data-animationOffset=\"top-into-view\"><h3 class=\"fusion-title-heading title-heading-left fusion-responsive-typography-calculated\" style=\"margin:0;font-size:1em;--fontSize:32;line-height:1.2;\">Die Gussteile Und Schmiedete<\/h3><\/div><\/div><\/div><\/div><\/div><div class=\"fusion-fullwidth fullwidth-box fusion-builder-row-2 fusion-flex-container nonhundred-percent-fullwidth non-hundred-percent-height-scrolling\" style=\"--awb-border-radius-top-left:0px;--awb-border-radius-top-right:0px;--awb-border-radius-bottom-right:0px;--awb-border-radius-bottom-left:0px;--awb-padding-top:3%;--awb-padding-bottom:2%;--awb-flex-wrap:wrap;\" ><div class=\"fusion-builder-row fusion-row fusion-flex-align-items-flex-start fusion-flex-content-wrap\" style=\"max-width:1310.4px;margin-left: calc(-4% \/ 2 );margin-right: calc(-4% \/ 2 );\"><div class=\"fusion-layout-column fusion_builder_column fusion-builder-column-1 fusion_builder_column_1_1 1_1 fusion-flex-column\" style=\"--awb-bg-size:cover;--awb-width-large:100%;--awb-margin-top-large:0px;--awb-spacing-right-large:1.92%;--awb-margin-bottom-large:0px;--awb-spacing-left-large:1.92%;--awb-width-medium:100%;--awb-spacing-right-medium:1.92%;--awb-spacing-left-medium:1.92%;--awb-width-small:100%;--awb-spacing-right-small:1.92%;--awb-spacing-left-small:1.92%;\"><div class=\"fusion-column-wrapper fusion-flex-justify-content-flex-start fusion-content-layout-column\"><div class=\"fusion-title title fusion-title-2 fusion-sep-none fusion-title-text fusion-title-size-two fusion-animated\" data-animationType=\"fadeInLeft\" data-animationDuration=\"0.5\" data-animationOffset=\"top-into-view\"><h2 class=\"fusion-title-heading title-heading-left fusion-responsive-typography-calculated\" style=\"margin:0;--fontSize:40;line-height:1.1;\"><p>GUSS-EX<br \/>\n\u00dcber das Giessen wissen wir Alles<\/p><\/h2><\/div><div class=\"fusion-text fusion-text-1\" style=\"--awb-text-transform:none;\"><p>Die Firma GUSS-EX gegr\u00fcndet im Jahr 1989 liefert nach Polen und die ganze Europa die Gussteile sowohl vom Grauguss und Sph\u00e4roguss als auch von nichteisernen Metalllegierungen.<\/p>\n<h4>Die Maschinenformenverfahren:<\/h4>\n<\/div><div class=\"fusion-text fusion-text-2 fusion-text-no-margin\" style=\"--awb-text-transform:none;--awb-margin-top:10px;--awb-margin-bottom:15px;\"><div class=\"table-1\">\n<table width=\"100%\">\n<thead>\n<tr>\n<td style=\"text-align: center;\"><strong>Formanlagen<\/strong><\/td>\n<td style=\"text-align: center;\"><strong>Formplattenabmessungen<\/strong><\/td>\n<\/tr>\n<tr>\n<td style=\"text-align: center; background-color: #666;\" colspan=\"2\"><strong>Vertikale Formteilung<\/strong><\/td>\n<\/tr>\n<\/thead>\n<tbody>\n<tr>\n<td>DISAMATIC 2013<\/td>\n<td>600&#215;480 mm<\/td>\n<\/tr>\n<tr>\n<td>LORAMENDI EVMM5070C<\/td>\n<td>675&#215;550 mm<\/td>\n<\/tr>\n<tr>\n<td>DISA 270A<\/td>\n<td>950&#215;700 mm<\/td>\n<\/tr>\n<tr>\n<td>DISA 230-C<\/td>\n<td>675&#215;550 mm<\/td>\n<\/tr>\n<tr>\n<td>DISA 280-C<\/td>\n<td>1200&#215;1050 mm<\/td>\n<\/tr>\n<tr>\n<td>DISAMATIC D3-Z<\/td>\n<td>750&#215;570 mm<\/td>\n<\/tr>\n<tr>\n<td>DISA<\/td>\n<td>750&#215;525 mm<\/td>\n<\/tr>\n<tr>\n<td>DISA<\/td>\n<td>500&#215;400 mm<\/td>\n<\/tr>\n<tr>\n<td>DISAMATIC 2070B<\/td>\n<td>950&#215;800 mm<\/td>\n<\/tr>\n<tr>\n<td>DISAMATIC 2013B<\/td>\n<td>650&#215;535 mm<\/td>\n<\/tr>\n<tr>\n<td>DISAMATIC D3 Z555<\/td>\n<td>750&#215;570 mm<\/td>\n<\/tr>\n<\/tbody>\n<\/table>\n<\/div>\n<\/div><div class=\"fusion-separator fusion-full-width-sep\" style=\"align-self: center;margin-left: auto;margin-right: auto;margin-top:20px;width:100%;\"><\/div><div class=\"fusion-text fusion-text-3 fusion-text-no-margin\" style=\"--awb-text-transform:none;--awb-margin-top:10px;--awb-margin-bottom:15px;\"><div class=\"table-1\">\n<table width=\"100%\">\n<thead>\n<tr>\n<td style=\"text-align: center;\"><strong>Formanlagen<\/strong><\/td>\n<td style=\"text-align: center;\"><strong>Formplattenabmessungen<\/strong><\/td>\n<\/tr>\n<tr>\n<td style=\"text-align: center; background-color: #666;\" colspan=\"2\"><strong>Horizontal Formteilung<\/strong><\/td>\n<\/tr>\n<\/thead>\n<tbody>\n<tr>\n<td>DISA MATCH 28\u201d\/32\u201d<\/td>\n<td>813&#215;711 mm<\/td>\n<\/tr>\n<tr>\n<td>SAVELLI<\/td>\n<td>1000&#215;800 mm<\/td>\n<\/tr>\n<tr>\n<td>HWS<\/td>\n<td>800&#215;650 mm<\/td>\n<\/tr>\n<tr>\n<td>HWS<\/td>\n<td>600&#215;450 mm<\/td>\n<\/tr>\n<tr>\n<td>DISA MATCH<\/td>\n<td>713\u0445613 mm<\/td>\n<\/tr>\n<tr>\n<td>DISA MATCH<\/td>\n<td>813&#215;813 mm<\/td>\n<\/tr>\n<tr>\n<td>HWS<\/td>\n<td>850&#215;700 mm<\/td>\n<\/tr>\n<tr>\n<td>Stanowisko FKT 1212<\/td>\n<td>1120x1120x350 mm<\/td>\n<\/tr>\n<tr>\n<td>SAVELLI<\/td>\n<td>1400 x 965 mm<\/td>\n<\/tr>\n<tr>\n<td>FBO-IV<\/td>\n<td>710&#215;610 mm<\/td>\n<\/tr>\n<tr>\n<td>OMEGA<\/td>\n<td>2200&#215;1400 mm<\/td>\n<\/tr>\n<\/tbody>\n<\/table>\n<\/div>\n<\/div><div class=\"fusion-separator fusion-full-width-sep\" style=\"align-self: center;margin-left: auto;margin-right: auto;margin-top:20px;width:100%;\"><\/div><div class=\"fusion-text fusion-text-4 fusion-text-no-margin\" style=\"--awb-text-transform:none;--awb-margin-top:10px;--awb-margin-bottom:15px;\"><div class=\"table-1\">\n<table width=\"100%\">\n<thead>\n<tr>\n<td style=\"text-align: center;\"><strong>Handformenverfahren<\/strong><\/td>\n<\/tr>\n<tr>\n<td style=\"text-align: center; background-color: #666;\"><strong>Kastenabmessungen (Beispiele)<\/strong><\/td>\n<\/tr>\n<\/thead>\n<tbody>\n<tr>\n<td>1200x800x425\/425<\/td>\n<\/tr>\n<tr>\n<td>800x700x200\/350<\/td>\n<\/tr>\n<tr>\n<td>1250x1000x420\/420<\/td>\n<\/tr>\n<tr>\n<td>1000x800x350\/350<\/td>\n<\/tr>\n<tr>\n<td>2200x1400x550\/550<\/td>\n<\/tr>\n<tr>\n<td>3500&#215;1400<\/td>\n<\/tr>\n<tr>\n<td>4200&#215;1500<\/td>\n<\/tr>\n<\/tbody>\n<\/table>\n<\/div>\n<\/div><div class=\"fusion-text fusion-text-5 fusion-text-no-margin\" style=\"--awb-text-transform:none;--awb-margin-top:15px;--awb-margin-bottom:15px;\"><p>Gussteile in Einzelst\u00fcckzahlen und Kleinserien bis 10.000 kg werden handgeformt oder auf Sto\u00dfpressmaschinen produziert.<br \/>\nKerne werden im Hot-Box- oder Cold-Box-Verfahren hergestellt.<\/p>\n<p>F\u00fcr alle oben genannten Technologien stellen wir Gie\u00dfereiausr\u00fcstungen je nach Bedarf aus Metall, Harz oder Holz her.<\/p>\n<p>Wir stellen Aluminiumguss in Sandformen, in Kokillen und als Druckguss her.<\/p>\n<\/div><div class=\"fusion-text fusion-text-6 fusion-text-no-margin\" style=\"--awb-text-transform:none;--awb-margin-top:15px;--awb-margin-bottom:15px;\"><h3><strong>Angebot<\/strong><\/h3>\n<p>Hauptabnehmer unserer Produkte sind Hersteller aus der Automobil-, Elektro-, Gas- und Energietechnik, Maschinenbau sowie der Wasser- und Abwasserwirtschaft.<\/p>\n<\/div><\/div><\/div><div class=\"fusion-layout-column fusion_builder_column fusion-builder-column-2 fusion_builder_column_1_2 1_2 fusion-flex-column\" style=\"--awb-bg-size:cover;--awb-width-large:50%;--awb-margin-top-large:0px;--awb-spacing-right-large:3.84%;--awb-margin-bottom-large:0px;--awb-spacing-left-large:3.84%;--awb-width-medium:100%;--awb-spacing-right-medium:1.92%;--awb-spacing-left-medium:1.92%;--awb-width-small:100%;--awb-spacing-right-small:1.92%;--awb-spacing-left-small:1.92%;\"><div class=\"fusion-column-wrapper fusion-flex-justify-content-flex-start fusion-content-layout-column\"><div class=\"fusion-text fusion-text-7 fusion-text-no-margin\" style=\"--awb-text-transform:none;--awb-margin-top:15px;--awb-margin-bottom:15px;\"><h4><strong>Die mechanische Bearbeitung<\/strong><\/h4>\n<p>Je nach Anwendung werden Gussteile auf modernsten CNC-Bearbeitungszentren oder konventionell einer mehr oder weniger komplexen Bearbeitung unterzogen:<\/p>\n<ul>\n<li>Drehen<\/li>\n<li>Fr\u00e4sen<\/li>\n<li>Bohren<\/li>\n<li>Schleifen<\/li>\n<li>Einf\u00e4deln<\/li>\n<\/ul>\n<p>Wir bieten Oberfl\u00e4chenveredelung in verschiedenen Verfahren an:<\/p>\n<ul>\n<li>kataphoretische Lackierung<\/li>\n<li>Tauch- und Spritzlackierung<\/li>\n<li>Pulverlackierung<\/li>\n<li>Feuerverzinkung und Galvanisierung<\/li>\n<\/ul>\n<p>Je nach Bedarf bieten wir auch eine W\u00e4rmebehandlung an.<\/p>\n<\/div><\/div><\/div><div class=\"fusion-layout-column fusion_builder_column fusion-builder-column-3 fusion_builder_column_1_2 1_2 fusion-flex-column\" style=\"--awb-bg-size:cover;--awb-width-large:50%;--awb-margin-top-large:0px;--awb-spacing-right-large:3.84%;--awb-margin-bottom-large:0px;--awb-spacing-left-large:3.84%;--awb-width-medium:100%;--awb-spacing-right-medium:1.92%;--awb-spacing-left-medium:1.92%;--awb-width-small:100%;--awb-spacing-right-small:1.92%;--awb-spacing-left-small:1.92%;\"><div class=\"fusion-column-wrapper fusion-flex-justify-content-flex-start fusion-content-layout-column\"><div class=\"fusion-text fusion-text-8 fusion-text-no-margin\" style=\"--awb-text-transform:none;--awb-margin-top:15px;--awb-margin-bottom:15px;\"><h4><strong>Wir erbringen Dienstleistungen im Bereich:<\/strong><\/h4>\n<ol>\n<li>Optimierung technischer und technologischer L\u00f6sungen,<\/li>\n<li>Organisation der Herstellung von Gussteilen mit Instrumentierung,<\/li>\n<li>Erg\u00e4nzende Operationen (Bearbeitung, Lackierung, Verzinkung)<\/li>\n<li>Qualit\u00e4tskontrolle und Pr\u00fcfung,<\/li>\n<li>Verpackung und Lieferung.<\/li>\n<\/ol>\n<p>Wir bieten kurze Fristen f\u00fcr die Umsetzung neuer Projekte und wettbewerbsf\u00e4hige Preise.<\/p>\n<p>Wir haben das Qualit\u00e4tssicherungszertifikat <a href=\"https:\/\/guss-ex.com\/wp-content\/uploads\/2022\/01\/Certyfikat-ISO-9001-2015-PL.pdf\">ISO 9001:2015<\/a><\/p>\n<p>Folgende Pr\u00fcfungen und Zertifikate k\u00f6nnen wir vorweisen:<\/p>\n<ul>\n<li>Abnahmepr\u00fcfzeugnisse nach EN 10204<\/li>\n<li>Messberichte<\/li>\n<li>Pr\u00fcfergebnisse (Ultraschall, R\u00f6ntgen, Mikrostrukturen etc.)<\/li>\n<\/ul>\n<\/div><\/div><\/div><\/div><\/div><div class=\"fusion-fullwidth fullwidth-box fusion-builder-row-3 fusion-flex-container has-pattern-background has-mask-background nonhundred-percent-fullwidth non-hundred-percent-height-scrolling\" style=\"--awb-border-radius-top-left:0px;--awb-border-radius-top-right:0px;--awb-border-radius-bottom-right:0px;--awb-border-radius-bottom-left:0px;--awb-padding-top:2%;--awb-padding-bottom:2%;--awb-margin-top:0px;--awb-margin-bottom:0px;--awb-background-color:#eeeeee;--awb-flex-wrap:wrap;\" ><div class=\"fusion-builder-row fusion-row fusion-flex-align-items-flex-start fusion-flex-content-wrap\" style=\"max-width:1310.4px;margin-left: calc(-4% \/ 2 );margin-right: calc(-4% \/ 2 );\"><div class=\"fusion-layout-column fusion_builder_column fusion-builder-column-4 fusion_builder_column_1_1 1_1 fusion-flex-column\" style=\"--awb-padding-top:0px;--awb-padding-bottom:0px;--awb-bg-size:cover;--awb-width-large:100%;--awb-margin-top-large:0px;--awb-spacing-right-large:1.92%;--awb-margin-bottom-large:0px;--awb-spacing-left-large:1.92%;--awb-width-medium:100%;--awb-order-medium:0;--awb-spacing-right-medium:1.92%;--awb-spacing-left-medium:1.92%;--awb-width-small:100%;--awb-order-small:0;--awb-spacing-right-small:1.92%;--awb-spacing-left-small:1.92%;\"><div class=\"fusion-column-wrapper fusion-column-has-shadow fusion-flex-justify-content-flex-start fusion-content-layout-column\"><div class=\"fusion-text fusion-text-9 fusion-text-no-margin linki\" style=\"--awb-content-alignment:center;\"><p><a title=\"Eisengussteile\" href=\"https:\/\/guss-ex.com\/die-gussteile-und-schmiedete\/eisengussteile\/?lang=de\">Eisengussteile<\/a> | <a title=\"Die Stahlgussteile\" href=\"https:\/\/guss-ex.com\/die-gussteile-und-schmiedete\/die-stahlgussteile\/?lang=de\">Die Stahlgussteile<\/a> | <a title=\"Gussteile aus Al und Cu Legierungen\" href=\"https:\/\/guss-ex.com\/die-gussteile-und-schmiedete\/gussteile-aus-nichteisenmetallen\/?lang=de\">Gussteile aus Aluminium- und Kupferlegierungen<\/a> | <a href=\"https:\/\/guss-ex.com\/die-gussteile-und-schmiedete\/schmiedeteile\/?lang=de\">Schmiedeteile<\/a><\/p>\n<\/div><\/div><\/div><\/div><\/div><\/p>\n","protected":false},"excerpt":{"rendered":"","protected":false},"author":1,"featured_media":0,"parent":0,"menu_order":0,"comment_status":"closed","ping_status":"closed","template":"100-width.php","meta":{"footnotes":""},"class_list":["post-13779","page","type-page","status-publish","hentry"],"aioseo_notices":[],"_links":{"self":[{"href":"https:\/\/guss-ex.com\/de\/wp-json\/wp\/v2\/pages\/13779","targetHints":{"allow":["GET"]}}],"collection":[{"href":"https:\/\/guss-ex.com\/de\/wp-json\/wp\/v2\/pages"}],"about":[{"href":"https:\/\/guss-ex.com\/de\/wp-json\/wp\/v2\/types\/page"}],"author":[{"embeddable":true,"href":"https:\/\/guss-ex.com\/de\/wp-json\/wp\/v2\/users\/1"}],"replies":[{"embeddable":true,"href":"https:\/\/guss-ex.com\/de\/wp-json\/wp\/v2\/comments?post=13779"}],"version-history":[{"count":19,"href":"https:\/\/guss-ex.com\/de\/wp-json\/wp\/v2\/pages\/13779\/revisions"}],"predecessor-version":[{"id":15889,"href":"https:\/\/guss-ex.com\/de\/wp-json\/wp\/v2\/pages\/13779\/revisions\/15889"}],"wp:attachment":[{"href":"https:\/\/guss-ex.com\/de\/wp-json\/wp\/v2\/media?parent=13779"}],"curies":[{"name":"wp","href":"https:\/\/api.w.org\/{rel}","templated":true}]}}